{"id":97,"date":"2024-04-06T06:30:48","date_gmt":"2024-04-06T06:30:48","guid":{"rendered":"https:\/\/helmklinkhavn.dk\/?page_id=97"},"modified":"2025-06-11T09:24:07","modified_gmt":"2025-06-11T09:24:07","slug":"helm-klink-havn","status":"publish","type":"page","link":"https:\/\/helmklinkhavn.dk\/?page_id=97","title":{"rendered":"Helmklink Forening"},"content":{"rendered":"\n<p><strong>Helmklink Forening<\/strong><br>Havnens brugere har en forening, som er underlagt Generalforsamlingen.<br>Det daglige virke foranlediges af bestyrelsen.<br><br>Bestyrelsen st\u00e5r for dialog med b\u00e5dejere og myndigheder og st\u00e5r bag vedligeholdelsen af flere af havnens institutioner. Hvert \u00e5r st\u00e5r de for afholdelsen af Sct. Hans b\u00e5l, afholdelse af arbejdsdag og afholdelse af Generalforsamlingen. Bestyrelsen er selv aktive brugere af havnen.<br><br><strong>B\u00e5dpladser<\/strong><br>Det er muligt at leje en b\u00e5dplads p\u00e5 Helmklink Havn.<br>Der er pt 99 b\u00e5dpladser p\u00e5 havnen og hvis nogle af pladserne er ledige, er det muligt at leje pladsen. Prisen for en plads er pt. 500,- kr \u00e5rligt. Prisen kan justeres af bestyrelsen.<br>Hvis du er interesseret i en b\u00e5dplads, bedes du tage kontakt til Kassereren.<\/p>\n\n\n\n<p><strong>Kajakplads<\/strong><br>Det er muligt at parkere din kajak p\u00e5 Helmklink Havn<br>Kajakken kan ligge i de praktiske stativer som er bygget til form\u00e5let.<br>Prisen for en plads er 250,- kr \u00e5rligt. Prisen kan justeres af bestyrelsen.<br>Hvis du er interesseret i en kajakplads, bedes du tage kontakt til Kassereren.<br><br><strong>Medlemskab<\/strong><br>Leje af b\u00e5dplads \/ Opbevaring af kanoer og kajakker kr\u00e6ver medlemsskab af Helmklink havn<br>Ved indmeldelse i foreningen; Helmklink Havn, bedes du tage kontakt til Kassereren<br>Indmeldelsesgebyr, kr. 300<\/p>\n\n\n\n<p><strong>Bestyrelse pr. 2025<\/strong><br>Formand: Jan Noesg\u00e5rd: 60457008<br>Kasserer: Niels J\u00f8rgen Schmidt (Sj\u00f8gge): 21420185 \u2013 <a href=\"Mailto: sus-og-njs@mail.tele.dk\">Email kasserer<\/a><br>Best. medlem: Fredrik Madsen<br>Best. medlem: J\u00f8rgen Hage<br>Best. medlem: Verner Sig<\/p>\n\n\n\n<p class=\"has-medium-font-size\"><\/p>\n\n\n\n<p class=\"has-small-font-size\"><br><br><em>Webmaster: Lars: <a href=\"mailto: larskirke@gmail.com\">EMAIL<\/a><\/em><\/p>\n\n\n\n<p><strong>Helmklink ejer havnen (men har brugsret over hele havneomr\u00e5det):<\/strong><br><\/p>\n\n\n\n<figure class=\"wp-block-image size-large\"><img loading=\"lazy\" decoding=\"async\" width=\"1024\" height=\"904\" src=\"https:\/\/helmklinkhavn.dk\/wp-content\/uploads\/2024\/04\/Omrade-Helm-Klink-1024x904.jpg\" alt=\"\" class=\"wp-image-98\" srcset=\"https:\/\/helmklinkhavn.dk\/wp-content\/uploads\/2024\/04\/Omrade-Helm-Klink-1024x904.jpg 1024w, https:\/\/helmklinkhavn.dk\/wp-content\/uploads\/2024\/04\/Omrade-Helm-Klink-300x265.jpg 300w, https:\/\/helmklinkhavn.dk\/wp-content\/uploads\/2024\/04\/Omrade-Helm-Klink-768x678.jpg 768w, https:\/\/helmklinkhavn.dk\/wp-content\/uploads\/2024\/04\/Omrade-Helm-Klink-1536x1356.jpg 1536w, https:\/\/helmklinkhavn.dk\/wp-content\/uploads\/2024\/04\/Omrade-Helm-Klink-2048x1807.jpg 2048w\" sizes=\"auto, (max-width: 1024px) 100vw, 1024px\" \/><\/figure>\n","protected":false},"excerpt":{"rendered":"<p>Helmklink ForeningHavnens brugere har en forening, som er underlagt Generalforsamlingen.Det daglige virke foranlediges af bestyrelsen. Bestyrelsen st\u00e5r for dialog med b\u00e5dejere og myndigheder og st\u00e5r bag vedligeholdelsen af flere af havnens institutioner. Hvert \u00e5r st\u00e5r de for afholdelsen af Sct. Hans b\u00e5l, afholdelse af arbejdsdag og afholdelse af Generalforsamlingen. Bestyrelsen er selv aktive brugere af<span class=\"post-excerpt-end\">&hellip;<\/span><\/p>\n<p class=\"more-link\"><a href=\"https:\/\/helmklinkhavn.dk\/?page_id=97\" class=\"themebutton\">Read More<\/a><\/p>\n","protected":false},"author":1,"featured_media":0,"parent":0,"menu_order":2,"comment_status":"closed","ping_status":"closed","template":"","meta":{"footnotes":""},"class_list":["post-97","page","type-page","status-publish","hentry"],"_links":{"self":[{"href":"https:\/\/helmklinkhavn.dk\/index.php?rest_route=\/wp\/v2\/pages\/97","targetHints":{"allow":["GET"]}}],"collection":[{"href":"https:\/\/helmklinkhavn.dk\/index.php?rest_route=\/wp\/v2\/pages"}],"about":[{"href":"https:\/\/helmklinkhavn.dk\/index.php?rest_route=\/wp\/v2\/types\/page"}],"author":[{"embeddable":true,"href":"https:\/\/helmklinkhavn.dk\/index.php?rest_route=\/wp\/v2\/users\/1"}],"replies":[{"embeddable":true,"href":"https:\/\/helmklinkhavn.dk\/index.php?rest_route=%2Fwp%2Fv2%2Fcomments&post=97"}],"version-history":[{"count":16,"href":"https:\/\/helmklinkhavn.dk\/index.php?rest_route=\/wp\/v2\/pages\/97\/revisions"}],"predecessor-version":[{"id":139,"href":"https:\/\/helmklinkhavn.dk\/index.php?rest_route=\/wp\/v2\/pages\/97\/revisions\/139"}],"wp:attachment":[{"href":"https:\/\/helmklinkhavn.dk\/index.php?rest_route=%2Fwp%2Fv2%2Fmedia&parent=97"}],"curies":[{"name":"wp","href":"https:\/\/api.w.org\/{rel}","templated":true}]}}